{"id":1710,"date":"2019-08-15T09:20:02","date_gmt":"2019-08-15T09:20:02","guid":{"rendered":"http:\/\/www.voicealps.org\/?page_id=1710"},"modified":"2019-08-15T11:17:12","modified_gmt":"2019-08-15T11:17:12","slug":"ftese-logu-i-bjeshkeve-tradite-kulture-produkt","status":"publish","type":"page","link":"https:\/\/voicealps.org\/ftese-logu-i-bjeshkeve-tradite-kulture-produkt\/","title":{"rendered":"FTES\u00cb \u201cLogu i Bjeshk\u00ebve\u201d Tradit\u00eb &#8211; Kultur\u00eb &#8211; Produkt"},"content":{"rendered":"<p><img decoding=\"async\" loading=\"lazy\" class=\"alignleft size-large wp-image-1709\" src=\"http:\/\/www.voicealps.org\/wp-content\/uploads\/2019\/08\/poster-920x1024.jpg\" alt=\"\" width=\"920\" height=\"1024\" srcset=\"https:\/\/voicealps.org\/wp-content\/uploads\/2019\/08\/poster-920x1024.jpg 920w, https:\/\/voicealps.org\/wp-content\/uploads\/2019\/08\/poster-269x300.jpg 269w, https:\/\/voicealps.org\/wp-content\/uploads\/2019\/08\/poster-768x855.jpg 768w, https:\/\/voicealps.org\/wp-content\/uploads\/2019\/08\/poster.jpg 1340w\" sizes=\"(max-width: 920px) 100vw, 920px\" \/>#FTES\u00cb<br \/>\n\u201cLogu i Bjeshk\u00ebve\u201d Tradit\u00eb &#8211; Kultur\u00eb &#8211; Produkt<\/p>\n<p>P\u00ebr dit\u00ebn e \u201cLogut t\u00eb Bjeshk\u00ebve\u201d, eventit tradicional vjetor n\u00eb Kelmend, q\u00eb do zhvillohet dit\u00ebn e shtun\u00eb, dat\u00eb 18 Gusht 2019, kemi k\u00ebnaq\u00ebsin\u00eb t\u00eb ftojm\u00eb dashamir\u00ebs t\u00eb trash\u00ebgimis\u00eb malore, q\u00eb t&#8217;i bashkohen klubit &amp; pjesmarrjes n\u00eb event me moton p\u00ebr male t\u00eb pastra: &#8220;Mis Bjeshka me ZERO mbetje mbrapa&#8221;!<!--more--><\/p>\n<p>Apasionant\u00eb t\u00eb natyr\u00ebs, aktivist\u00eb, guida malore, student\u00eb t\u00eb historis\u00eb dhe shkencave t\u00eb natyr\u00ebs etj., jan\u00eb t\u00eb ftuar t\u00eb jen\u00eb prezent\u00eb n\u00eb k\u00ebt\u00eb fest\u00eb tipike tradicionale shqiptare, me q\u00ebllim q\u00eb t\u00eb nd\u00ebrgjegj\u00ebsojm\u00eb miqt\u00eb nga t\u00eb gjith\u00eb vendet mbi zhvillimin e eventit me q\u00ebndrueshm\u00ebri ekologjike!<\/p>\n<p>Guidat malore jan\u00eb t\u00eb lutur t\u00eb marrin pjes\u00eb pasi do organizohen ture ditore, ku do ken\u00eb mund\u00ebsi t\u00eb pun\u00ebsohen si &#8220;ambasador\u00eb t\u00eb maleve&#8221;.<\/p>\n<p>T\u00eb interesuarit p\u00ebr t\u00eb marr\u00eb pjes\u00eb n\u00eb klubin &#8220;Skuadra e Gjelb\u00ebr&#8221;, si pjes\u00eb e grupit rinor t\u00eb rrjetit &#8220;Aleanca Alpeve Shqiptare&#8221;, t\u00eb kontaktojn\u00eb n\u00eb mesazh direkt.<\/p>\n<p>Transport i organizuar nga Shkodra + ushqim jan\u00eb t\u00eb p\u00ebrfshir\u00eb p\u00ebr t\u00eb p\u00ebrzgjedhurit e klubit.<\/p>\n<p>Vendet jan\u00eb t\u00eb limituara, fatkeq\u00ebsisht, por do p\u00ebrpiqemi t\u00eb kemi gjith\u00ebp\u00ebrfshirje t\u00eb t\u00eb interesuarve.<\/p>\n<p>K\u00ebto aktivitete po organizohen me mb\u00ebshtetjen e GIZ Shqip\u00ebri n\u00eb kuad\u00ebr t\u00eb programit SRD (Sustainable Rural Development).<br \/>\n_____________________________________________________________<\/p>\n<p>#INVITATION<br \/>\n&#8220;Logu i Bjeshk\u00ebve&#8221; Tradition &#8211; Culture &#8211; Product<\/p>\n<p>At the day of &#8220;Logu i Bjeshk\u00ebve&#8221;, the traditional annual event in Kelmend, to be held on Saturday, on August 18, 2019, we have the pleasure to invite lovers of mountain heritage to join the club and participate in the event with the motto for the clean mountains: &#8220;Miss Mountains with ZERO wastes behind&#8221;!<\/p>\n<p>Nature enthusiasts, activists, mountain guides, students of history and natural sciences, etc., are invited to be present at this typical Albanian traditional event, in order to make friends from all over the country aware of the development of the event with ecological endurance!<\/p>\n<p>Mountain guides are fostered to take part as they will organize daily tours, where they will be able to work as &#8220;mountain ambassadors&#8221;.<\/p>\n<p>Interested people in participating in the &#8220;Green Team&#8221; club, as part of the youth group of the &#8221; Albanian Alps Alliance &#8221; network, contact us in direct chat.<\/p>\n<p>Organized transportation from Shkoder + food are included for the club&#8217;s selections.<\/p>\n<p>Places are limited, unfortunately, but we will try to get everyone involved.<\/p>\n<p>These activities are taking place with the support of GIZ Albania on behalf of SRD program (Sustainable Rural Development).<\/p>\n<p>#FestoPast\u00ebr #FestoGjelb\u00ebr #SustainableMountains<br \/>\n#Tradition #Culture #Product<br \/>\n#AlbanianAlpsAlliance<br \/>\n#VoiceAlps<br \/>\n#MisBjeshka<br \/>\n#MalesiMadhe #Municipality<br \/>\n#GIZAlbania<br \/>\n#LoguiBjeshk\u00ebve #Kelmend<br \/>\nwww.voicealps.org<\/p>\n","protected":false},"excerpt":{"rendered":"<p>#FTES\u00cb \u201cLogu i Bjeshk\u00ebve\u201d Tradit\u00eb &#8211; Kultur\u00eb &#8211; Produkt P\u00ebr dit\u00ebn e \u201cLogut t\u00eb Bjeshk\u00ebve\u201d, eventit tradicional vjetor n\u00eb Kelmend,&hellip;<\/p>\n","protected":false},"author":2,"featured_media":0,"parent":0,"menu_order":0,"comment_status":"closed","ping_status":"closed","template":"","meta":[],"yoast_head":"<!-- This site is optimized with the Yoast SEO plugin v20.3 - https:\/\/yoast.com\/wordpress\/plugins\/seo\/ -->\n<title>FTES\u00cb \u201cLogu i Bjeshk\u00ebve\u201d Tradit\u00eb - Kultur\u00eb - Produkt - Voice of the Alps<\/title>\n<meta name=\"robots\" content=\"index, follow, max-snippet:-1, max-image-preview:large, max-video-preview:-1\" \/>\n<link rel=\"canonical\" href=\"https:\/\/voicealps.org\/en\/ftese-logu-i-bjeshkeve-tradite-kulture-produkt\/\" \/>\n<meta property=\"og:locale\" content=\"en_US\" \/>\n<meta property=\"og:type\" content=\"article\" \/>\n<meta property=\"og:title\" content=\"FTES\u00cb \u201cLogu i Bjeshk\u00ebve\u201d Tradit\u00eb - Kultur\u00eb - Produkt - Voice of the Alps\" \/>\n<meta property=\"og:description\" content=\"#FTES\u00cb \u201cLogu i Bjeshk\u00ebve\u201d Tradit\u00eb &#8211; Kultur\u00eb &#8211; Produkt P\u00ebr dit\u00ebn e \u201cLogut t\u00eb Bjeshk\u00ebve\u201d, eventit tradicional vjetor n\u00eb Kelmend,&hellip;\" \/>\n<meta property=\"og:url\" content=\"https:\/\/voicealps.org\/en\/ftese-logu-i-bjeshkeve-tradite-kulture-produkt\/\" \/>\n<meta property=\"og:site_name\" content=\"Voice of the Alps\" \/>\n<meta property=\"article:modified_time\" content=\"2019-08-15T11:17:12+00:00\" \/>\n<meta property=\"og:image\" content=\"http:\/\/www.voicealps.org\/wp-content\/uploads\/2019\/08\/poster-920x1024.jpg\" \/>\n<meta name=\"twitter:card\" content=\"summary_large_image\" \/>\n<meta name=\"twitter:label1\" content=\"Est. reading time\" \/>\n\t<meta name=\"twitter:data1\" content=\"2 minutes\" \/>\n<script type=\"application\/ld+json\" class=\"yoast-schema-graph\">{\"@context\":\"https:\/\/schema.org\",\"@graph\":[{\"@type\":\"WebPage\",\"@id\":\"https:\/\/voicealps.org\/en\/ftese-logu-i-bjeshkeve-tradite-kulture-produkt\/\",\"url\":\"https:\/\/voicealps.org\/en\/ftese-logu-i-bjeshkeve-tradite-kulture-produkt\/\",\"name\":\"FTES\u00cb \u201cLogu i Bjeshk\u00ebve\u201d Tradit\u00eb - Kultur\u00eb - Produkt - Voice of the Alps\",\"isPartOf\":{\"@id\":\"https:\/\/voicealps.org\/#website\"},\"datePublished\":\"2019-08-15T09:20:02+00:00\",\"dateModified\":\"2019-08-15T11:17:12+00:00\",\"inLanguage\":\"en-US\",\"potentialAction\":[{\"@type\":\"ReadAction\",\"target\":[\"https:\/\/voicealps.org\/en\/ftese-logu-i-bjeshkeve-tradite-kulture-produkt\/\"]}]},{\"@type\":\"WebSite\",\"@id\":\"https:\/\/voicealps.org\/#website\",\"url\":\"https:\/\/voicealps.org\/\",\"name\":\"Voice of the Alps\",\"description\":\"Zeri i Alpeve\",\"publisher\":{\"@id\":\"https:\/\/voicealps.org\/#organization\"},\"potentialAction\":[{\"@type\":\"SearchAction\",\"target\":{\"@type\":\"EntryPoint\",\"urlTemplate\":\"https:\/\/voicealps.org\/?s={search_term_string}\"},\"query-input\":\"required name=search_term_string\"}],\"inLanguage\":\"en-US\"},{\"@type\":\"Organization\",\"@id\":\"https:\/\/voicealps.org\/#organization\",\"name\":\"Voice of the Alps\",\"url\":\"https:\/\/voicealps.org\/\",\"logo\":{\"@type\":\"ImageObject\",\"inLanguage\":\"en-US\",\"@id\":\"https:\/\/voicealps.org\/#\/schema\/logo\/image\/\",\"url\":\"https:\/\/voicealps.org\/wp-content\/uploads\/2022\/11\/cropped-VoiceAlps-transparent.png\",\"contentUrl\":\"https:\/\/voicealps.org\/wp-content\/uploads\/2022\/11\/cropped-VoiceAlps-transparent.png\",\"width\":512,\"height\":487,\"caption\":\"Voice of the Alps\"},\"image\":{\"@id\":\"https:\/\/voicealps.org\/#\/schema\/logo\/image\/\"}}]}<\/script>\n<!-- \/ Yoast SEO plugin. -->","yoast_head_json":{"title":"FTES\u00cb \u201cLogu i Bjeshk\u00ebve\u201d Tradit\u00eb - Kultur\u00eb - Produkt - Voice of the Alps","robots":{"index":"index","follow":"follow","max-snippet":"max-snippet:-1","max-image-preview":"max-image-preview:large","max-video-preview":"max-video-preview:-1"},"canonical":"https:\/\/voicealps.org\/en\/ftese-logu-i-bjeshkeve-tradite-kulture-produkt\/","og_locale":"en_US","og_type":"article","og_title":"FTES\u00cb \u201cLogu i Bjeshk\u00ebve\u201d Tradit\u00eb - Kultur\u00eb - Produkt - Voice of the Alps","og_description":"#FTES\u00cb \u201cLogu i Bjeshk\u00ebve\u201d Tradit\u00eb &#8211; Kultur\u00eb &#8211; Produkt P\u00ebr dit\u00ebn e \u201cLogut t\u00eb Bjeshk\u00ebve\u201d, eventit tradicional vjetor n\u00eb Kelmend,&hellip;","og_url":"https:\/\/voicealps.org\/en\/ftese-logu-i-bjeshkeve-tradite-kulture-produkt\/","og_site_name":"Voice of the Alps","article_modified_time":"2019-08-15T11:17:12+00:00","og_image":[{"url":"http:\/\/www.voicealps.org\/wp-content\/uploads\/2019\/08\/poster-920x1024.jpg"}],"twitter_card":"summary_large_image","twitter_misc":{"Est. reading time":"2 minutes"},"schema":{"@context":"https:\/\/schema.org","@graph":[{"@type":"WebPage","@id":"https:\/\/voicealps.org\/en\/ftese-logu-i-bjeshkeve-tradite-kulture-produkt\/","url":"https:\/\/voicealps.org\/en\/ftese-logu-i-bjeshkeve-tradite-kulture-produkt\/","name":"FTES\u00cb \u201cLogu i Bjeshk\u00ebve\u201d Tradit\u00eb - Kultur\u00eb - Produkt - Voice of the Alps","isPartOf":{"@id":"https:\/\/voicealps.org\/#website"},"datePublished":"2019-08-15T09:20:02+00:00","dateModified":"2019-08-15T11:17:12+00:00","inLanguage":"en-US","potentialAction":[{"@type":"ReadAction","target":["https:\/\/voicealps.org\/en\/ftese-logu-i-bjeshkeve-tradite-kulture-produkt\/"]}]},{"@type":"WebSite","@id":"https:\/\/voicealps.org\/#website","url":"https:\/\/voicealps.org\/","name":"Voice of the Alps","description":"Zeri i Alpeve","publisher":{"@id":"https:\/\/voicealps.org\/#organization"},"potentialAction":[{"@type":"SearchAction","target":{"@type":"EntryPoint","urlTemplate":"https:\/\/voicealps.org\/?s={search_term_string}"},"query-input":"required name=search_term_string"}],"inLanguage":"en-US"},{"@type":"Organization","@id":"https:\/\/voicealps.org\/#organization","name":"Voice of the Alps","url":"https:\/\/voicealps.org\/","logo":{"@type":"ImageObject","inLanguage":"en-US","@id":"https:\/\/voicealps.org\/#\/schema\/logo\/image\/","url":"https:\/\/voicealps.org\/wp-content\/uploads\/2022\/11\/cropped-VoiceAlps-transparent.png","contentUrl":"https:\/\/voicealps.org\/wp-content\/uploads\/2022\/11\/cropped-VoiceAlps-transparent.png","width":512,"height":487,"caption":"Voice of the Alps"},"image":{"@id":"https:\/\/voicealps.org\/#\/schema\/logo\/image\/"}}]}},"_links":{"self":[{"href":"https:\/\/voicealps.org\/wp-json\/wp\/v2\/pages\/1710"}],"collection":[{"href":"https:\/\/voicealps.org\/wp-json\/wp\/v2\/pages"}],"about":[{"href":"https:\/\/voicealps.org\/wp-json\/wp\/v2\/types\/page"}],"author":[{"embeddable":true,"href":"https:\/\/voicealps.org\/wp-json\/wp\/v2\/users\/2"}],"replies":[{"embeddable":true,"href":"https:\/\/voicealps.org\/wp-json\/wp\/v2\/comments?post=1710"}],"version-history":[{"count":1,"href":"https:\/\/voicealps.org\/wp-json\/wp\/v2\/pages\/1710\/revisions"}],"predecessor-version":[{"id":1711,"href":"https:\/\/voicealps.org\/wp-json\/wp\/v2\/pages\/1710\/revisions\/1711"}],"wp:attachment":[{"href":"https:\/\/voicealps.org\/wp-json\/wp\/v2\/media?parent=1710"}],"curies":[{"name":"wp","href":"https:\/\/api.w.org\/{rel}","templated":true}]}}